{"id":94,"date":"2024-08-31T12:42:59","date_gmt":"2024-08-31T10:42:59","guid":{"rendered":"https:\/\/lineaclave.org\/ivana\/?page_id=94"},"modified":"2024-09-01T18:47:46","modified_gmt":"2024-09-01T16:47:46","slug":"consultas","status":"publish","type":"page","link":"https:\/\/lineaclave.org\/ivana\/consultas\/","title":{"rendered":"Consultas on-line"},"content":{"rendered":"<div class=\"wp-block-image\">\n<figure class=\"alignleft size-full is-resized\"><img loading=\"lazy\" decoding=\"async\" width=\"768\" height=\"1024\" src=\"https:\/\/lineaclave.org\/ivana\/wp-content\/uploads\/2024\/08\/c-1.jpg\" alt=\"\" class=\"wp-image-141\" style=\"width:185px;height:auto\" srcset=\"https:\/\/lineaclave.org\/ivana\/wp-content\/uploads\/2024\/08\/c-1.jpg 768w, https:\/\/lineaclave.org\/ivana\/wp-content\/uploads\/2024\/08\/c-1-225x300.jpg 225w\" sizes=\"auto, (max-width: 768px) 100vw, 768px\" \/><\/figure>\n<\/div>\n\n\n<p>La primera consulta, aquella en donde nos conocemos, suele ser la m\u00e1s larga, dura alrededor de 1 hora, a veces 1 hora y media y es la que me permite hacerte todas las preguntas que necesito para poder crear un tratamiento individualizado, el plan ideal \u201cpara ti\u201d, para cubrir tus necesidades y comenzar a transitar tu camino hacia una mejor calidad de vida.<\/p>\n\n\n\n<p>Nos volvemos a ver en una segunda consulta aproximadamente a la semana, donde te propongo y te explico el camino que creo que deber\u00edamos seguir y trazamos el plan a tu medida, para avanzar juntos.<\/p>\n\n\n\n<p>Luego, seg\u00fan cual sea tu patolog\u00eda, decidimos cu\u00e1ndo y cu\u00e1ntos seguimientos haremos.<\/p>\n\n\n\n<p>Tarifa de cada consulta \u20ac40<\/p>\n\n\n\n<p>Para hacerme todas las preguntas que necesites o para pedir cita para consultas tanto presenciales como online, te invito a contactarme<\/p>\n","protected":false},"excerpt":{"rendered":"<p>La primera consulta, aquella en donde nos conocemos, suele ser la m\u00e1s larga, dura alrededor de 1 hora, a veces 1 hora y media y es la que me permite hacerte todas las preguntas que necesito para poder crear un tratamiento individualizado, el plan ideal \u201cpara ti\u201d, para cubrir tus necesidades y comenzar a transitar [&hellip;]<\/p>\n","protected":false},"author":1,"featured_media":0,"parent":0,"menu_order":0,"comment_status":"closed","ping_status":"closed","template":"","meta":{"footnotes":""},"class_list":["post-94","page","type-page","status-publish","czr-hentry"],"_links":{"self":[{"href":"https:\/\/lineaclave.org\/ivana\/wp-json\/wp\/v2\/pages\/94","targetHints":{"allow":["GET"]}}],"collection":[{"href":"https:\/\/lineaclave.org\/ivana\/wp-json\/wp\/v2\/pages"}],"about":[{"href":"https:\/\/lineaclave.org\/ivana\/wp-json\/wp\/v2\/types\/page"}],"author":[{"embeddable":true,"href":"https:\/\/lineaclave.org\/ivana\/wp-json\/wp\/v2\/users\/1"}],"replies":[{"embeddable":true,"href":"https:\/\/lineaclave.org\/ivana\/wp-json\/wp\/v2\/comments?post=94"}],"version-history":[{"count":5,"href":"https:\/\/lineaclave.org\/ivana\/wp-json\/wp\/v2\/pages\/94\/revisions"}],"predecessor-version":[{"id":204,"href":"https:\/\/lineaclave.org\/ivana\/wp-json\/wp\/v2\/pages\/94\/revisions\/204"}],"wp:attachment":[{"href":"https:\/\/lineaclave.org\/ivana\/wp-json\/wp\/v2\/media?parent=94"}],"curies":[{"name":"wp","href":"https:\/\/api.w.org\/{rel}","templated":true}]}}