{"id":205,"date":"2024-09-01T19:00:37","date_gmt":"2024-09-01T17:00:37","guid":{"rendered":"https:\/\/lineaclave.org\/ivana\/?page_id=205"},"modified":"2024-09-01T19:00:37","modified_gmt":"2024-09-01T17:00:37","slug":"definicion","status":"publish","type":"page","link":"https:\/\/lineaclave.org\/ivana\/definicion\/","title":{"rendered":"Definici\u00f3n"},"content":{"rendered":"\n<p><strong>Definici\u00f3n<\/strong><\/p>\n\n\n<div class=\"wp-block-image\">\n<figure class=\"alignleft size-large is-resized\"><img loading=\"lazy\" decoding=\"async\" width=\"683\" height=\"1024\" src=\"https:\/\/lineaclave.org\/ivana\/wp-content\/uploads\/2024\/09\/pexels-liza-summer-6383278-683x1024.jpg\" alt=\"\" class=\"wp-image-207\" style=\"width:210px;height:auto\" srcset=\"https:\/\/lineaclave.org\/ivana\/wp-content\/uploads\/2024\/09\/pexels-liza-summer-6383278-683x1024.jpg 683w, https:\/\/lineaclave.org\/ivana\/wp-content\/uploads\/2024\/09\/pexels-liza-summer-6383278-200x300.jpg 200w, https:\/\/lineaclave.org\/ivana\/wp-content\/uploads\/2024\/09\/pexels-liza-summer-6383278-768x1152.jpg 768w, https:\/\/lineaclave.org\/ivana\/wp-content\/uploads\/2024\/09\/pexels-liza-summer-6383278-1024x1536.jpg 1024w, https:\/\/lineaclave.org\/ivana\/wp-content\/uploads\/2024\/09\/pexels-liza-summer-6383278-1365x2048.jpg 1365w, https:\/\/lineaclave.org\/ivana\/wp-content\/uploads\/2024\/09\/pexels-liza-summer-6383278-scaled.jpg 1707w\" sizes=\"auto, (max-width: 683px) 100vw, 683px\" \/><\/figure>\n<\/div>\n\n\n<p>La Fibromialgia es un <strong>trastorno cr\u00f3nico <\/strong>que se caracteriza por dolor musculoesquel\u00e9tico generalizado acompa\u00f1ado de fatiga, problemas de sue\u00f1o, de memoria y del estado de \u00e1nimo. Las personas que padecen fibromialgia suelen experimentar sensibilidad en m\u00faltiples puntos del cuerpo y pueden sentir dolor incluso con una presi\u00f3n leve.<\/p>\n\n\n\n<p>Aunque la causa exacta de la fibromialgia no se conoce completamente, se cree que implica una amplificaci\u00f3n de las se\u00f1ales dolorosas en el cerebro, lo que aumenta la percepci\u00f3n del dolor. <\/p>\n\n\n\n<p>Factores como el estr\u00e9s, infecciones o traumas f\u00edsicos y emocionales pueden desencadenar o agravar la condici\u00f3n. <\/p>\n\n\n\n<p>El tratamiento generalmente incluye una combinaci\u00f3n de medicamentos, terapia f\u00edsica, t\u00e9cnicas de manejo del estr\u00e9s y cambios en el estilo de vida para ayudar a aliviar los s\u00edntomas y mejorar la calidad de vida.<\/p>\n","protected":false},"excerpt":{"rendered":"<p>Definici\u00f3n La Fibromialgia es un trastorno cr\u00f3nico que se caracteriza por dolor musculoesquel\u00e9tico generalizado acompa\u00f1ado de fatiga, problemas de sue\u00f1o, de memoria y del estado de \u00e1nimo. Las personas que padecen fibromialgia suelen experimentar sensibilidad en m\u00faltiples puntos del cuerpo y pueden sentir dolor incluso con una presi\u00f3n leve. Aunque la causa exacta de la [&hellip;]<\/p>\n","protected":false},"author":1,"featured_media":0,"parent":0,"menu_order":0,"comment_status":"closed","ping_status":"closed","template":"","meta":{"footnotes":""},"class_list":["post-205","page","type-page","status-publish","czr-hentry"],"_links":{"self":[{"href":"https:\/\/lineaclave.org\/ivana\/wp-json\/wp\/v2\/pages\/205","targetHints":{"allow":["GET"]}}],"collection":[{"href":"https:\/\/lineaclave.org\/ivana\/wp-json\/wp\/v2\/pages"}],"about":[{"href":"https:\/\/lineaclave.org\/ivana\/wp-json\/wp\/v2\/types\/page"}],"author":[{"embeddable":true,"href":"https:\/\/lineaclave.org\/ivana\/wp-json\/wp\/v2\/users\/1"}],"replies":[{"embeddable":true,"href":"https:\/\/lineaclave.org\/ivana\/wp-json\/wp\/v2\/comments?post=205"}],"version-history":[{"count":1,"href":"https:\/\/lineaclave.org\/ivana\/wp-json\/wp\/v2\/pages\/205\/revisions"}],"predecessor-version":[{"id":209,"href":"https:\/\/lineaclave.org\/ivana\/wp-json\/wp\/v2\/pages\/205\/revisions\/209"}],"wp:attachment":[{"href":"https:\/\/lineaclave.org\/ivana\/wp-json\/wp\/v2\/media?parent=205"}],"curies":[{"name":"wp","href":"https:\/\/api.w.org\/{rel}","templated":true}]}}